{"id":83,"date":"2014-03-10T11:50:53","date_gmt":"2014-03-10T10:50:53","guid":{"rendered":"http:\/\/www.aspacam.org\/?page_id=83"},"modified":"2014-04-24T20:44:42","modified_gmt":"2014-04-24T19:44:42","slug":"voyages","status":"publish","type":"page","link":"http:\/\/www.aspacam.org\/?page_id=83","title":{"rendered":"Voyages"},"content":{"rendered":"<p><img decoding=\"async\" loading=\"lazy\" src=\"http:\/\/www.aspacam.org\/wp-content\/uploads\/2014\/03\/couleurs-voyages-metz-1353146032-1024x599.jpg\" width=\"724\" height=\"424\" \/><\/p>\n<p>Organisation de s\u00e9jours, seuls ou en famille, en France ou \u00e0 l&rsquo;\u00e9tranger.<\/p>\n","protected":false},"excerpt":{"rendered":"<p>Organisation de s\u00e9jours, seuls ou en famille, en France ou \u00e0 l&rsquo;\u00e9tranger.<\/p>\n","protected":false},"author":1,"featured_media":0,"parent":2,"menu_order":0,"comment_status":"closed","ping_status":"open","template":"","meta":{"_mi_skip_tracking":false},"_links":{"self":[{"href":"http:\/\/www.aspacam.org\/index.php?rest_route=\/wp\/v2\/pages\/83"}],"collection":[{"href":"http:\/\/www.aspacam.org\/index.php?rest_route=\/wp\/v2\/pages"}],"about":[{"href":"http:\/\/www.aspacam.org\/index.php?rest_route=\/wp\/v2\/types\/page"}],"author":[{"embeddable":true,"href":"http:\/\/www.aspacam.org\/index.php?rest_route=\/wp\/v2\/users\/1"}],"replies":[{"embeddable":true,"href":"http:\/\/www.aspacam.org\/index.php?rest_route=%2Fwp%2Fv2%2Fcomments&post=83"}],"version-history":[{"count":4,"href":"http:\/\/www.aspacam.org\/index.php?rest_route=\/wp\/v2\/pages\/83\/revisions"}],"predecessor-version":[{"id":332,"href":"http:\/\/www.aspacam.org\/index.php?rest_route=\/wp\/v2\/pages\/83\/revisions\/332"}],"up":[{"embeddable":true,"href":"http:\/\/www.aspacam.org\/index.php?rest_route=\/wp\/v2\/pages\/2"}],"wp:attachment":[{"href":"http:\/\/www.aspacam.org\/index.php?rest_route=%2Fwp%2Fv2%2Fmedia&parent=83"}],"curies":[{"name":"wp","href":"https:\/\/api.w.org\/{rel}","templated":true}]}}