{"id":81,"date":"2014-03-10T11:50:22","date_gmt":"2014-03-10T10:50:22","guid":{"rendered":"http:\/\/www.aspacam.org\/?page_id=81"},"modified":"2016-04-01T22:26:35","modified_gmt":"2016-04-01T21:26:35","slug":"tennis","status":"publish","type":"page","link":"http:\/\/www.aspacam.org\/?page_id=81","title":{"rendered":"Tennis"},"content":{"rendered":"<p><img decoding=\"async\" loading=\"lazy\" src=\"http:\/\/www.aspacam.org\/wp-content\/uploads\/2014\/03\/tennis-1024x647.jpg\" alt=\"\" width=\"696\" height=\"440\" \/><\/p>\n<p>Responsable de l&rsquo;activit\u00e9 : <a href=\"mailto:tmigeon@9online.fr\" target=\"_blank\">Thomas Migeon<\/a><\/p>\n<p>Mise \u00e0 disposition de terrains de tennis situ\u00e9s sur le campus de l&rsquo;ENAC Montpellier, r\u00e9servation via Balle jaune.<\/p>\n<p>Entra\u00eenements collectifs \u00e0 mettre en place si la demande est suffisante.<\/p>\n<p>Organisation de stages d\u00e9couverte et perfectionnement.<\/p>\n<p>Participation aux comp\u00e9titions en corpo, en y repr\u00e9sentant l&rsquo;ASPACAM, plus d&rsquo;info sur cette comp\u00e9tition corpo <a href=\"http:\/\/www.tennis34.com\/index.php?option=com_content&amp;view=article&amp;id=70&amp;Itemid=71\">ici<\/a>.<\/p>\n<p>L&rsquo;ASPACAM \u00a0a inscrit un \u00e9quipe de 8 joueurs (controleurs de diff\u00e9rents centres et Meteo) pour le championnat de l&rsquo;Herault 2e division au printemps 2015. Les matchs se sont d\u00e9roul\u00e9 dans une tr\u00e8s bonne ambiance et se sont sold\u00e9 par 1 nul et 4 d\u00e9faites.<\/p>\n<p>Les matchs individuels du Printemps 2016 se sont bien d\u00e9roul\u00e9s<\/p>\n<p>Les prochains matchs par \u00e9quipe seront \u00e0 l&rsquo;automne 2016.<\/p>\n<p>La participation \u00e0 des comp\u00e9titions corpo engendre une cotisation sp\u00e9ciale de 20\u20ac par an.<\/p>\n","protected":false},"excerpt":{"rendered":"<p>Responsable de l&rsquo;activit\u00e9 : Thomas Migeon Mise \u00e0 disposition de terrains de tennis situ\u00e9s sur le campus de l&rsquo;ENAC Montpellier, r\u00e9servation via Balle jaune. Entra\u00eenements collectifs \u00e0 mettre en place si la demande est suffisante. Organisation de stages d\u00e9couverte et perfectionnement. Participation aux comp\u00e9titions en corpo, en y repr\u00e9sentant l&rsquo;ASPACAM, plus d&rsquo;info sur cette comp\u00e9tition &hellip; <a href=\"http:\/\/www.aspacam.org\/?page_id=81\" class=\"more-link\">Continuer la lecture de <span class=\"screen-reader-text\">Tennis<\/span> <span class=\"meta-nav\">&rarr;<\/span><\/a><\/p>\n","protected":false},"author":1,"featured_media":0,"parent":2,"menu_order":0,"comment_status":"closed","ping_status":"open","template":"","meta":{"_mi_skip_tracking":false},"_links":{"self":[{"href":"http:\/\/www.aspacam.org\/index.php?rest_route=\/wp\/v2\/pages\/81"}],"collection":[{"href":"http:\/\/www.aspacam.org\/index.php?rest_route=\/wp\/v2\/pages"}],"about":[{"href":"http:\/\/www.aspacam.org\/index.php?rest_route=\/wp\/v2\/types\/page"}],"author":[{"embeddable":true,"href":"http:\/\/www.aspacam.org\/index.php?rest_route=\/wp\/v2\/users\/1"}],"replies":[{"embeddable":true,"href":"http:\/\/www.aspacam.org\/index.php?rest_route=%2Fwp%2Fv2%2Fcomments&post=81"}],"version-history":[{"count":9,"href":"http:\/\/www.aspacam.org\/index.php?rest_route=\/wp\/v2\/pages\/81\/revisions"}],"predecessor-version":[{"id":724,"href":"http:\/\/www.aspacam.org\/index.php?rest_route=\/wp\/v2\/pages\/81\/revisions\/724"}],"up":[{"embeddable":true,"href":"http:\/\/www.aspacam.org\/index.php?rest_route=\/wp\/v2\/pages\/2"}],"wp:attachment":[{"href":"http:\/\/www.aspacam.org\/index.php?rest_route=%2Fwp%2Fv2%2Fmedia&parent=81"}],"curies":[{"name":"wp","href":"https:\/\/api.w.org\/{rel}","templated":true}]}}