{"id":75,"date":"2014-03-10T11:48:49","date_gmt":"2014-03-10T10:48:49","guid":{"rendered":"http:\/\/www.aspacam.org\/?page_id=75"},"modified":"2016-09-07T21:16:19","modified_gmt":"2016-09-07T20:16:19","slug":"documents-administratifs","status":"publish","type":"page","link":"http:\/\/www.aspacam.org\/?page_id=75","title":{"rendered":"Documents administratifs"},"content":{"rendered":"<p><a href=\"http:\/\/www.aspacam.org\/wp-content\/uploads\/2014\/03\/Statuts-ASPACAM.pdf\" target=\"_blank\">Les Statuts de l&rsquo;association<\/a><\/p>\n<p><a href=\"http:\/\/www.aspacam.org\/wp-content\/uploads\/2014\/03\/R\u00e9glement-int\u00e9rieur-ASPACAM-2016.pdf\" rel=\"\">Le R\u00e8glement Int\u00e9rieur de l&rsquo;association<\/a><\/p>\n<p>Les comptes rendus d&rsquo;assembl\u00e9es g\u00e9n\u00e9rales :<\/p>\n<p style=\"text-align: center;\"><a href=\"http:\/\/www.aspacam.org\/wp-content\/uploads\/2014\/03\/AG-ASPACAM-2016-post-AG.pdf\" target=\"_blank\" rel=\"\">2016<\/a><\/p>\n<p style=\"text-align: center;\"><a title=\"CR AG 2015\" href=\"http:\/\/www.aspacam.org\/documents\/AG_ASPACAM_2015.pdf\" target=\"_blank\">2015<\/a><\/p>\n<p style=\"text-align: center;\"><a href=\"http:\/\/www.aspacam.org\/wp-content\/uploads\/2014\/03\/CR-AG-2014.pdf\" target=\"_blank\">2014<\/a><\/p>\n<p style=\"text-align: center;\"><a href=\"http:\/\/www.aspacam.org\/wp-content\/uploads\/2014\/03\/CR-AG-2013.pdf\" target=\"_blank\">2013<\/a><\/p>\n<p style=\"text-align: center;\"><a href=\"http:\/\/www.aspacam.org\/wp-content\/uploads\/2014\/03\/CR-AG-2012.pdf\" target=\"_blank\">2012<\/a><\/p>\n<p><a href=\"https:\/\/drive.google.com\/open?id=0B7PMgnfD1w6xQnYyNVM1WFB3V0k\" target=\"_blank\">Etat des lieux gymnase ASPACAM<\/a><\/p>\n<p>Pour cr\u00e9er une affiche activit\u00e9, voici <a href=\"http:\/\/www.aspacam.org\/wp-content\/uploads\/2014\/03\/LOGO-final-ASPACAM-2015-02-05.png\" target=\"_blank\">notre logo \u00e0 t\u00e9l\u00e9charger<\/a>\u00a0(cliquer sur le lien, puis clique droit sur l&rsquo;image, puis \u00ab\u00a0enregistrer sous\u00a0\u00bb, et \u00e0 vous de jouer).<\/p>\n","protected":false},"excerpt":{"rendered":"<p>Les Statuts de l&rsquo;association Le R\u00e8glement Int\u00e9rieur de l&rsquo;association Les comptes rendus d&rsquo;assembl\u00e9es g\u00e9n\u00e9rales : 2016 2015 2014 2013 2012 Etat des lieux gymnase ASPACAM Pour cr\u00e9er une affiche activit\u00e9, voici notre logo \u00e0 t\u00e9l\u00e9charger\u00a0(cliquer sur le lien, puis clique droit sur l&rsquo;image, puis \u00ab\u00a0enregistrer sous\u00a0\u00bb, et \u00e0 vous de jouer).<\/p>\n","protected":false},"author":1,"featured_media":0,"parent":67,"menu_order":0,"comment_status":"closed","ping_status":"open","template":"","meta":{"_mi_skip_tracking":false},"_links":{"self":[{"href":"http:\/\/www.aspacam.org\/index.php?rest_route=\/wp\/v2\/pages\/75"}],"collection":[{"href":"http:\/\/www.aspacam.org\/index.php?rest_route=\/wp\/v2\/pages"}],"about":[{"href":"http:\/\/www.aspacam.org\/index.php?rest_route=\/wp\/v2\/types\/page"}],"author":[{"embeddable":true,"href":"http:\/\/www.aspacam.org\/index.php?rest_route=\/wp\/v2\/users\/1"}],"replies":[{"embeddable":true,"href":"http:\/\/www.aspacam.org\/index.php?rest_route=%2Fwp%2Fv2%2Fcomments&post=75"}],"version-history":[{"count":15,"href":"http:\/\/www.aspacam.org\/index.php?rest_route=\/wp\/v2\/pages\/75\/revisions"}],"predecessor-version":[{"id":1115,"href":"http:\/\/www.aspacam.org\/index.php?rest_route=\/wp\/v2\/pages\/75\/revisions\/1115"}],"up":[{"embeddable":true,"href":"http:\/\/www.aspacam.org\/index.php?rest_route=\/wp\/v2\/pages\/67"}],"wp:attachment":[{"href":"http:\/\/www.aspacam.org\/index.php?rest_route=%2Fwp%2Fv2%2Fmedia&parent=75"}],"curies":[{"name":"wp","href":"https:\/\/api.w.org\/{rel}","templated":true}]}}