{"id":73,"date":"2014-03-10T11:48:00","date_gmt":"2014-03-10T10:48:00","guid":{"rendered":"http:\/\/www.aspacam.org\/?page_id=73"},"modified":"2016-02-29T15:29:53","modified_gmt":"2016-02-29T14:29:53","slug":"permanences","status":"publish","type":"page","link":"http:\/\/www.aspacam.org\/?page_id=73","title":{"rendered":"Permanences"},"content":{"rendered":"<p style=\"text-align: center;\"><span style=\"color: #800080;\"><span style=\"font-size: x-large;\"><b>LUNDI 13h00 \u00e0 14h00<\/b><\/span><\/span><\/p>\n<p style=\"text-align: center;\"><span style=\"color: #800080;\"><span style=\"font-size: x-large;\"><b> Lydie BOSC ou Sylvie JASSELIN<\/b><\/span><\/span><\/p>\n<p style=\"text-align: center;\"><span style=\"color: #0000ff;\"><span style=\"font-size: x-large;\"><b>MERCREDI 13h00 \u00e0 14h00 <\/b><\/span><\/span><\/p>\n<p style=\"text-align: center;\"><span style=\"color: #0000ff;\"><span style=\"font-size: x-large;\"><b>Marie-Jos\u00e9 MAUD ou Antoine SAINT-SIMON<br \/>\n<\/b><\/span><\/span><\/p>\n<p style=\"text-align: center;\"><span style=\"color: #008000;\"><span style=\"font-size: x-large;\"><b>VENDREDI 13h30 \u00e0 16h30 <\/b><\/span><\/span><\/p>\n<p style=\"text-align: center;\"><span style=\"color: #008000;\"><span style=\"font-size: x-large;\"><b>Michel JOUSSELIN ou Gilbert MORALES<\/b><\/span><\/span><\/p>\n<p style=\"text-align: center;\" align=\"CENTER\"><span style=\"color: #ff0000;\"><span style=\"font-size: x-large;\"><b>Merci de bien vouloir respecter ces horaires et<\/b><\/span><\/span><\/p>\n<p style=\"text-align: center;\" align=\"CENTER\"><span style=\"color: #ff0000;\"><span style=\"font-size: x-large;\"><b>ne pas conserver plus de 8 jours les DVD r\u00e9cents<\/b><\/span><\/span><\/p>\n<p style=\"text-align: center;\" align=\"CENTER\"><span style=\"color: #ff0000;\"><span style=\"font-size: x-large;\"><b>et 2 semaines maximum les plus anciens.<\/b><\/span><\/span><\/p>\n","protected":false},"excerpt":{"rendered":"<p>LUNDI 13h00 \u00e0 14h00 Lydie BOSC ou Sylvie JASSELIN MERCREDI 13h00 \u00e0 14h00 Marie-Jos\u00e9 MAUD ou Antoine SAINT-SIMON VENDREDI 13h30 \u00e0 16h30 Michel JOUSSELIN ou Gilbert MORALES Merci de bien vouloir respecter ces horaires et ne pas conserver plus de 8 jours les DVD r\u00e9cents et 2 semaines maximum les plus anciens.<\/p>\n","protected":false},"author":1,"featured_media":0,"parent":67,"menu_order":0,"comment_status":"closed","ping_status":"open","template":"","meta":{"_mi_skip_tracking":false},"_links":{"self":[{"href":"http:\/\/www.aspacam.org\/index.php?rest_route=\/wp\/v2\/pages\/73"}],"collection":[{"href":"http:\/\/www.aspacam.org\/index.php?rest_route=\/wp\/v2\/pages"}],"about":[{"href":"http:\/\/www.aspacam.org\/index.php?rest_route=\/wp\/v2\/types\/page"}],"author":[{"embeddable":true,"href":"http:\/\/www.aspacam.org\/index.php?rest_route=\/wp\/v2\/users\/1"}],"replies":[{"embeddable":true,"href":"http:\/\/www.aspacam.org\/index.php?rest_route=%2Fwp%2Fv2%2Fcomments&post=73"}],"version-history":[{"count":7,"href":"http:\/\/www.aspacam.org\/index.php?rest_route=\/wp\/v2\/pages\/73\/revisions"}],"predecessor-version":[{"id":644,"href":"http:\/\/www.aspacam.org\/index.php?rest_route=\/wp\/v2\/pages\/73\/revisions\/644"}],"up":[{"embeddable":true,"href":"http:\/\/www.aspacam.org\/index.php?rest_route=\/wp\/v2\/pages\/67"}],"wp:attachment":[{"href":"http:\/\/www.aspacam.org\/index.php?rest_route=%2Fwp%2Fv2%2Fmedia&parent=73"}],"curies":[{"name":"wp","href":"https:\/\/api.w.org\/{rel}","templated":true}]}}