{"id":464,"date":"2015-04-30T13:53:54","date_gmt":"2015-04-30T12:53:54","guid":{"rendered":"http:\/\/www.aspacam.org\/?page_id=464"},"modified":"2015-05-20T07:51:28","modified_gmt":"2015-05-20T06:51:28","slug":"soirees-jeux","status":"publish","type":"page","link":"http:\/\/www.aspacam.org\/?page_id=464","title":{"rendered":"Soir\u00e9es jeux"},"content":{"rendered":"<p><a href=\"http:\/\/www.aspacam.org\/wp-content\/uploads\/2015\/04\/soir\u00e9e-jeuxBis.jpg\"><img decoding=\"async\" loading=\"lazy\" class=\"aligncenter wp-image-465 size-full\" src=\"http:\/\/www.aspacam.org\/wp-content\/uploads\/2015\/04\/soir\u00e9e-jeuxBis.jpg\" alt=\"soir\u00e9e jeuxBis\" width=\"1403\" height=\"1093\" srcset=\"http:\/\/www.aspacam.org\/wp-content\/uploads\/2015\/04\/soir\u00e9e-jeuxBis.jpg 1403w, http:\/\/www.aspacam.org\/wp-content\/uploads\/2015\/04\/soir\u00e9e-jeuxBis-300x233.jpg 300w, http:\/\/www.aspacam.org\/wp-content\/uploads\/2015\/04\/soir\u00e9e-jeuxBis-1024x797.jpg 1024w\" sizes=\"(max-width: 1403px) 100vw, 1403px\" \/><\/a><\/p>\n<p>&nbsp;<\/p>\n<p>Responsable de l&rsquo;activit\u00e9 : <a href=\"mailto:pe.giraud@gmail.com\">Pierre-Emmanuel Giraud<\/a><\/p>\n<p>Activit\u00e9 gratuite propos\u00e9e tous les 3\u00e8mes jeudis de chaque mois vers 20h. Pleins de jeux de soci\u00e9t\u00e9s ou autres sont propos\u00e9s par la section jeux. N&rsquo;h\u00e9sitez pas \u00e0 amener vos trouvailles ou jeux pr\u00e9f\u00e9r\u00e9s. A venir l&rsquo;achat de nouveaux jeux par l&rsquo;ASPACAM.<\/p>\n<p>&nbsp;<\/p>\n<p>L&rsquo;Aspacam vous propose des soir\u00e9es jeux !<\/p>\n<p>Toutes sortes de jeux, pour tous les gouts, de toutes les tailles, de toutes les couleurs \ud83d\ude42<\/p>\n<p>jeux d&rsquo;ambiance, de r\u00e9flexions, de strat\u00e9gies. Des jeux coop\u00e9ratifs, des th\u00e8mes immersifs.<\/p>\n<p>Des d\u00e8s, des pions, des roues, des compteurs de points, des conteurs tout court, des trolls des cavernes, des c\u00e9l\u00e9brit\u00e9s , des ench\u00e8res, des ruses, des embrouilles, des pactes, des traitrises et \u00e7a c&rsquo;est seulement pour se partager les M&amp;M&rsquo;s !<\/p>\n<p>Bref venez d\u00e9couvrir des nouveaux jeux, red\u00e9couvrir des classiques et passer une bonne soir\u00e9e avec un peu de chance vous pourrez m\u00eame en sortir avec quelques victoires (mais normalement je change les r\u00e8gles pour que \u00e7a n&rsquo;arrive pas &#8230;.).<\/p>\n<p>les soir\u00e9es ont lieu tous les 3\u00e8mes jeudi du mois \u00e0 partir de 20h<\/p>\n<p>voici le Doodle pour vous inscrire et comme \u00e7a je peux pr\u00e9parer les jeux adapt\u00e9s au nombre de joueur ou aux envies :<\/p>\n<p><a href=\"http:\/\/doodle.com\/nk54yurexrid7395\" target=\"_blank\">http:\/\/doodle.com\/<wbr \/>nk54yurexrid7395<\/a><\/p>\n<p>N&rsquo;h\u00e9sitez pas \u00e0 me contacter par mail en cliquant ici :\u00a0<a href=\"mailto:pe.giraud@gmail.com\">Pierre-Emmanuel Giraud<\/a><\/p>\n<p>&nbsp;<\/p>\n","protected":false},"excerpt":{"rendered":"<p>&nbsp; Responsable de l&rsquo;activit\u00e9 : Pierre-Emmanuel Giraud Activit\u00e9 gratuite propos\u00e9e tous les 3\u00e8mes jeudis de chaque mois vers 20h. Pleins de jeux de soci\u00e9t\u00e9s ou autres sont propos\u00e9s par la section jeux. N&rsquo;h\u00e9sitez pas \u00e0 amener vos trouvailles ou jeux pr\u00e9f\u00e9r\u00e9s. A venir l&rsquo;achat de nouveaux jeux par l&rsquo;ASPACAM. &nbsp; L&rsquo;Aspacam vous propose des soir\u00e9es &hellip; <a href=\"http:\/\/www.aspacam.org\/?page_id=464\" class=\"more-link\">Continuer la lecture de <span class=\"screen-reader-text\">Soir\u00e9es jeux<\/span> <span class=\"meta-nav\">&rarr;<\/span><\/a><\/p>\n","protected":false},"author":1,"featured_media":0,"parent":2,"menu_order":8,"comment_status":"closed","ping_status":"closed","template":"","meta":{"_mi_skip_tracking":false},"_links":{"self":[{"href":"http:\/\/www.aspacam.org\/index.php?rest_route=\/wp\/v2\/pages\/464"}],"collection":[{"href":"http:\/\/www.aspacam.org\/index.php?rest_route=\/wp\/v2\/pages"}],"about":[{"href":"http:\/\/www.aspacam.org\/index.php?rest_route=\/wp\/v2\/types\/page"}],"author":[{"embeddable":true,"href":"http:\/\/www.aspacam.org\/index.php?rest_route=\/wp\/v2\/users\/1"}],"replies":[{"embeddable":true,"href":"http:\/\/www.aspacam.org\/index.php?rest_route=%2Fwp%2Fv2%2Fcomments&post=464"}],"version-history":[{"count":3,"href":"http:\/\/www.aspacam.org\/index.php?rest_route=\/wp\/v2\/pages\/464\/revisions"}],"predecessor-version":[{"id":485,"href":"http:\/\/www.aspacam.org\/index.php?rest_route=\/wp\/v2\/pages\/464\/revisions\/485"}],"up":[{"embeddable":true,"href":"http:\/\/www.aspacam.org\/index.php?rest_route=\/wp\/v2\/pages\/2"}],"wp:attachment":[{"href":"http:\/\/www.aspacam.org\/index.php?rest_route=%2Fwp%2Fv2%2Fmedia&parent=464"}],"curies":[{"name":"wp","href":"https:\/\/api.w.org\/{rel}","templated":true}]}}