{"id":438,"date":"2015-03-13T16:09:16","date_gmt":"2015-03-13T15:09:16","guid":{"rendered":"http:\/\/www.aspacam.org\/?page_id=438"},"modified":"2015-03-15T21:30:08","modified_gmt":"2015-03-15T20:30:08","slug":"tango","status":"publish","type":"page","link":"http:\/\/www.aspacam.org\/?page_id=438","title":{"rendered":"Tango Argentin"},"content":{"rendered":"<p>&nbsp;<\/p>\n<p><a href=\"http:\/\/www.aspacam.org\/wp-content\/uploads\/2015\/03\/11061334_10153822356649988_4342706290331625086_n.jpg\"><img decoding=\"async\" loading=\"lazy\" class=\"aligncenter size-full wp-image-445\" src=\"http:\/\/www.aspacam.org\/wp-content\/uploads\/2015\/03\/11061334_10153822356649988_4342706290331625086_n.jpg\" alt=\"11061334_10153822356649988_4342706290331625086_n\" width=\"612\" height=\"960\" srcset=\"http:\/\/www.aspacam.org\/wp-content\/uploads\/2015\/03\/11061334_10153822356649988_4342706290331625086_n.jpg 612w, http:\/\/www.aspacam.org\/wp-content\/uploads\/2015\/03\/11061334_10153822356649988_4342706290331625086_n-191x300.jpg 191w\" sizes=\"(max-width: 612px) 100vw, 612px\" \/><\/a><\/p>\n<p>Responsable de l&rsquo;activit\u00e9 : <a href=\"mailto:romain_mercier@hotmail.com\">Romain Mercier<\/a><\/p>\n<p>Cours tous les lundis \u00e0 20h (hors vacances scolaires). Les cours durent 1h30 et apportent des bases solides aux \u00e9l\u00e8ves pour pouvoir par la suite aller danser dans les soir\u00e9es tango montpelli\u00e9raines. Ces cours sont tr\u00e8s agr\u00e9ables car il y r\u00e8gne une ambiance tr\u00e8s amicale et les \u00e9l\u00e8ves progressent tr\u00e8s vite. Avec un d\u00e9but le 6 octobre, 10 cours ont \u00e9t\u00e9 donn\u00e9 en 2014.<\/p>\n","protected":false},"excerpt":{"rendered":"<p>&nbsp; Responsable de l&rsquo;activit\u00e9 : Romain Mercier Cours tous les lundis \u00e0 20h (hors vacances scolaires). Les cours durent 1h30 et apportent des bases solides aux \u00e9l\u00e8ves pour pouvoir par la suite aller danser dans les soir\u00e9es tango montpelli\u00e9raines. Ces cours sont tr\u00e8s agr\u00e9ables car il y r\u00e8gne une ambiance tr\u00e8s amicale et les \u00e9l\u00e8ves &hellip; <a href=\"http:\/\/www.aspacam.org\/?page_id=438\" class=\"more-link\">Continuer la lecture de <span class=\"screen-reader-text\">Tango Argentin<\/span> <span class=\"meta-nav\">&rarr;<\/span><\/a><\/p>\n","protected":false},"author":1,"featured_media":0,"parent":2,"menu_order":10,"comment_status":"closed","ping_status":"closed","template":"","meta":{"_mi_skip_tracking":false},"_links":{"self":[{"href":"http:\/\/www.aspacam.org\/index.php?rest_route=\/wp\/v2\/pages\/438"}],"collection":[{"href":"http:\/\/www.aspacam.org\/index.php?rest_route=\/wp\/v2\/pages"}],"about":[{"href":"http:\/\/www.aspacam.org\/index.php?rest_route=\/wp\/v2\/types\/page"}],"author":[{"embeddable":true,"href":"http:\/\/www.aspacam.org\/index.php?rest_route=\/wp\/v2\/users\/1"}],"replies":[{"embeddable":true,"href":"http:\/\/www.aspacam.org\/index.php?rest_route=%2Fwp%2Fv2%2Fcomments&post=438"}],"version-history":[{"count":3,"href":"http:\/\/www.aspacam.org\/index.php?rest_route=\/wp\/v2\/pages\/438\/revisions"}],"predecessor-version":[{"id":446,"href":"http:\/\/www.aspacam.org\/index.php?rest_route=\/wp\/v2\/pages\/438\/revisions\/446"}],"up":[{"embeddable":true,"href":"http:\/\/www.aspacam.org\/index.php?rest_route=\/wp\/v2\/pages\/2"}],"wp:attachment":[{"href":"http:\/\/www.aspacam.org\/index.php?rest_route=%2Fwp%2Fv2%2Fmedia&parent=438"}],"curies":[{"name":"wp","href":"https:\/\/api.w.org\/{rel}","templated":true}]}}