{"id":32,"date":"2013-02-26T20:13:40","date_gmt":"2013-02-26T19:13:40","guid":{"rendered":"http:\/\/www.aspacam.org\/?page_id=32"},"modified":"2014-04-24T20:46:48","modified_gmt":"2014-04-24T19:46:48","slug":"yoga","status":"publish","type":"page","link":"http:\/\/www.aspacam.org\/?page_id=32","title":{"rendered":"Yoga"},"content":{"rendered":"<p><img decoding=\"async\" loading=\"lazy\" src=\"http:\/\/www.aspacam.org\/wp-content\/uploads\/2014\/03\/yogawomansilhouette-850x567.jpg\" width=\"678\" height=\"452\" \/><\/p>\n<p>Responsable : <a href=\"mailto:francoise.blaise@aviation-civile.gouv.fr\" target=\"_blank\">Fran\u00e7oise Blaise<\/a><\/p>\n<p>L&rsquo;activit\u00e9 \u00e0 lieu dans le gymnase de l&rsquo;ASPACAM tous les lundi de 12h15 \u00e0 13h30 ( hors vacances scolaires )<\/p>\n<p>Les cours sont dispens\u00e9s par un professeur agr\u00e9\u00e9.<\/p>\n<p>La participation \u00e0 cette activit\u00e9 engendre une cotisation sp\u00e9ciale de 135\u20ac pour les agents DGAC ou M\u00e9t\u00e9o, et 195\u20ac pour les ext\u00e9rieurs , payable par trimestre.<\/p>\n<p>&nbsp;<\/p>\n","protected":false},"excerpt":{"rendered":"<p>Responsable : Fran\u00e7oise Blaise L&rsquo;activit\u00e9 \u00e0 lieu dans le gymnase de l&rsquo;ASPACAM tous les lundi de 12h15 \u00e0 13h30 ( hors vacances scolaires ) Les cours sont dispens\u00e9s par un professeur agr\u00e9\u00e9. La participation \u00e0 cette activit\u00e9 engendre une cotisation sp\u00e9ciale de 135\u20ac pour les agents DGAC ou M\u00e9t\u00e9o, et 195\u20ac pour les ext\u00e9rieurs , &hellip; <a href=\"http:\/\/www.aspacam.org\/?page_id=32\" class=\"more-link\">Continuer la lecture de <span class=\"screen-reader-text\">Yoga<\/span> <span class=\"meta-nav\">&rarr;<\/span><\/a><\/p>\n","protected":false},"author":1,"featured_media":0,"parent":2,"menu_order":0,"comment_status":"closed","ping_status":"closed","template":"","meta":{"_mi_skip_tracking":false},"_links":{"self":[{"href":"http:\/\/www.aspacam.org\/index.php?rest_route=\/wp\/v2\/pages\/32"}],"collection":[{"href":"http:\/\/www.aspacam.org\/index.php?rest_route=\/wp\/v2\/pages"}],"about":[{"href":"http:\/\/www.aspacam.org\/index.php?rest_route=\/wp\/v2\/types\/page"}],"author":[{"embeddable":true,"href":"http:\/\/www.aspacam.org\/index.php?rest_route=\/wp\/v2\/users\/1"}],"replies":[{"embeddable":true,"href":"http:\/\/www.aspacam.org\/index.php?rest_route=%2Fwp%2Fv2%2Fcomments&post=32"}],"version-history":[{"count":8,"href":"http:\/\/www.aspacam.org\/index.php?rest_route=\/wp\/v2\/pages\/32\/revisions"}],"predecessor-version":[{"id":334,"href":"http:\/\/www.aspacam.org\/index.php?rest_route=\/wp\/v2\/pages\/32\/revisions\/334"}],"up":[{"embeddable":true,"href":"http:\/\/www.aspacam.org\/index.php?rest_route=\/wp\/v2\/pages\/2"}],"wp:attachment":[{"href":"http:\/\/www.aspacam.org\/index.php?rest_route=%2Fwp%2Fv2%2Fmedia&parent=32"}],"curies":[{"name":"wp","href":"https:\/\/api.w.org\/{rel}","templated":true}]}}