{"id":30,"date":"2013-02-26T20:13:27","date_gmt":"2013-02-26T19:13:27","guid":{"rendered":"http:\/\/www.aspacam.org\/?page_id=30"},"modified":"2023-03-02T14:19:37","modified_gmt":"2023-03-02T13:19:37","slug":"golf","status":"publish","type":"page","link":"http:\/\/www.aspacam.org\/?page_id=30","title":{"rendered":"Golf"},"content":{"rendered":"<p><img decoding=\"async\" loading=\"lazy\" src=\"http:\/\/www.aspacam.org\/wp-content\/uploads\/2014\/03\/free-golf-pacakage.jpg\" alt=\"\" width=\"678\" height=\"452\" \/><\/p>\n<p>Responsable de la section\u00a0: <strong>Serge Callec<\/strong><\/p>\n<p>La section Golf propose :<\/p>\n<ul>\n<li>La participation aux comp\u00e9titions corpo, en Languedoc-Roussillon, en y repr\u00e9sentant l&rsquo;ASPACAM.<\/li>\n<\/ul>\n<p>Responsable \u00e9quipe : Laurent Bertin<\/p>\n<p>La participation aux comp\u00e9titions corpo n\u00e9cessite une cotisation sp\u00e9ciale de 20\u20ac.<\/p>\n<ul>\n<li>La participation aux tournois europ\u00e9ens et nationaux de l&rsquo;aviation civile.<\/li>\n<\/ul>\n<ul>\n<li>L&rsquo;organisation de \u00ab\u00a0sorties\u00a0\u00bb Golf.<\/li>\n<\/ul>\n<ul>\n<li>L&rsquo;organisation d&rsquo;une comp\u00e9tition amicale interne de Match-Play annuelle.<\/li>\n<\/ul>\n<p>Responsable : Laurent Bertin<\/p>\n","protected":false},"excerpt":{"rendered":"<p>Responsable de la section\u00a0: Serge Callec La section Golf propose : La participation aux comp\u00e9titions corpo, en Languedoc-Roussillon, en y repr\u00e9sentant l&rsquo;ASPACAM. Responsable \u00e9quipe : Laurent Bertin La participation aux comp\u00e9titions corpo n\u00e9cessite une cotisation sp\u00e9ciale de 20\u20ac. La participation aux tournois europ\u00e9ens et nationaux de l&rsquo;aviation civile. L&rsquo;organisation de \u00ab\u00a0sorties\u00a0\u00bb Golf. L&rsquo;organisation d&rsquo;une comp\u00e9tition &hellip; <a href=\"http:\/\/www.aspacam.org\/?page_id=30\" class=\"more-link\">Continuer la lecture de <span class=\"screen-reader-text\">Golf<\/span> <span class=\"meta-nav\">&rarr;<\/span><\/a><\/p>\n","protected":false},"author":1,"featured_media":0,"parent":2,"menu_order":2,"comment_status":"closed","ping_status":"closed","template":"","meta":{"_mi_skip_tracking":false},"_links":{"self":[{"href":"http:\/\/www.aspacam.org\/index.php?rest_route=\/wp\/v2\/pages\/30"}],"collection":[{"href":"http:\/\/www.aspacam.org\/index.php?rest_route=\/wp\/v2\/pages"}],"about":[{"href":"http:\/\/www.aspacam.org\/index.php?rest_route=\/wp\/v2\/types\/page"}],"author":[{"embeddable":true,"href":"http:\/\/www.aspacam.org\/index.php?rest_route=\/wp\/v2\/users\/1"}],"replies":[{"embeddable":true,"href":"http:\/\/www.aspacam.org\/index.php?rest_route=%2Fwp%2Fv2%2Fcomments&post=30"}],"version-history":[{"count":20,"href":"http:\/\/www.aspacam.org\/index.php?rest_route=\/wp\/v2\/pages\/30\/revisions"}],"predecessor-version":[{"id":11411,"href":"http:\/\/www.aspacam.org\/index.php?rest_route=\/wp\/v2\/pages\/30\/revisions\/11411"}],"up":[{"embeddable":true,"href":"http:\/\/www.aspacam.org\/index.php?rest_route=\/wp\/v2\/pages\/2"}],"wp:attachment":[{"href":"http:\/\/www.aspacam.org\/index.php?rest_route=%2Fwp%2Fv2%2Fmedia&parent=30"}],"curies":[{"name":"wp","href":"https:\/\/api.w.org\/{rel}","templated":true}]}}