{"id":243,"date":"2014-03-10T21:41:10","date_gmt":"2014-03-10T20:41:10","guid":{"rendered":"http:\/\/www.aspacam.org\/?page_id=243"},"modified":"2025-12-16T10:57:35","modified_gmt":"2025-12-16T09:57:35","slug":"adhesion","status":"publish","type":"page","link":"http:\/\/www.aspacam.org\/?page_id=243","title":{"rendered":"Adh\u00e9sion"},"content":{"rendered":"\n<p>Pour adh\u00e9rer \u00e0 l&rsquo;ASPACAM, il suffit de cliquer sur le bouton ci-dessous et de se laisser guider.<\/p>\n\n\n<span class='mb-center maxbutton-3-center'><span class='maxbutton-3-container mb-container'><a class=\"maxbutton-3 maxbutton maxbutton-adherer\" target=\"_blank\" rel=\"noopener\" href=\"https:\/\/www.helloasso.com\/associations\/a-s-p-a-c-a-m\/adhesions\/aspacam-adhesion-2026\"><span class='mb-text'>Adh\u00e9rer<\/span><\/a><\/span><\/span>\n\n\n\n<p><\/p>\n\n\n\n<p class=\"has-text-align-center has-text-color has-medium-font-size\" style=\"color:#2d45d0\">Adh\u00e9rez au <strong>tarif<\/strong> <strong>EARLYBIRD<\/strong> jusqu&rsquo;au 15 janvier 2026&#8230; <\/p>\n\n\n\n<p class=\"has-text-align-center has-text-color has-medium-font-size\" style=\"color:#2d45d0\">Code promo <strong>EARLYBIRD<\/strong><\/p>\n\n\n\n<p class=\"has-text-align-center\">Lors du r\u00e8glement le\u00a0<strong>pourboire\u00a0<\/strong>r\u00e9mun\u00e8re notre prestataire\u00a0<em>HelloAsso<\/em>. Il est totalement optionnel et vous avez la possibilit\u00e9 de le\u00a0<strong>supprimer<\/strong>.<\/p>\n\n\n\n<p><span style=\"color: #666699;\"><em>HelloAsso<\/em> s&rsquo;engage \u00e0 ne pas utiliser ou diffuser vos coordonn\u00e9es (courriel ou t\u00e9l\u00e9phone)<\/span><\/p>\n\n\n\n<p><span style=\"color: #000000;\">Pour nous faciliter la t\u00e2che merci de ne plus utiliser ch\u00e8ques ou virements. <strong>Aucune adh\u00e9sion n&rsquo;est automatique<\/strong>, il faut renouveler le paiement de la cotisation <strong><u>tous les ans<\/u><\/strong>.<\/span><\/p>\n\n\n\n<h3 class=\"wp-block-heading\"><span style=\"color: #0000ff;\">Merci de votre participation !<\/span><\/h3>\n","protected":false},"excerpt":{"rendered":"<p>Pour adh\u00e9rer \u00e0 l&rsquo;ASPACAM, il suffit de cliquer sur le bouton ci-dessous et de se laisser guider. Adh\u00e9rez au tarif EARLYBIRD jusqu&rsquo;au 15 janvier 2026&#8230; Code promo EARLYBIRD Lors du r\u00e8glement le\u00a0pourboire\u00a0r\u00e9mun\u00e8re notre prestataire\u00a0HelloAsso. Il est totalement optionnel et vous avez la possibilit\u00e9 de le\u00a0supprimer. HelloAsso s&rsquo;engage \u00e0 ne pas utiliser ou diffuser vos coordonn\u00e9es &hellip; <a href=\"http:\/\/www.aspacam.org\/?page_id=243\" class=\"more-link\">Continuer la lecture de <span class=\"screen-reader-text\">Adh\u00e9sion<\/span> <span class=\"meta-nav\">&rarr;<\/span><\/a><\/p>\n","protected":false},"author":1,"featured_media":0,"parent":0,"menu_order":0,"comment_status":"closed","ping_status":"open","template":"","meta":{"_mi_skip_tracking":false},"_links":{"self":[{"href":"http:\/\/www.aspacam.org\/index.php?rest_route=\/wp\/v2\/pages\/243"}],"collection":[{"href":"http:\/\/www.aspacam.org\/index.php?rest_route=\/wp\/v2\/pages"}],"about":[{"href":"http:\/\/www.aspacam.org\/index.php?rest_route=\/wp\/v2\/types\/page"}],"author":[{"embeddable":true,"href":"http:\/\/www.aspacam.org\/index.php?rest_route=\/wp\/v2\/users\/1"}],"replies":[{"embeddable":true,"href":"http:\/\/www.aspacam.org\/index.php?rest_route=%2Fwp%2Fv2%2Fcomments&post=243"}],"version-history":[{"count":13,"href":"http:\/\/www.aspacam.org\/index.php?rest_route=\/wp\/v2\/pages\/243\/revisions"}],"predecessor-version":[{"id":12117,"href":"http:\/\/www.aspacam.org\/index.php?rest_route=\/wp\/v2\/pages\/243\/revisions\/12117"}],"wp:attachment":[{"href":"http:\/\/www.aspacam.org\/index.php?rest_route=%2Fwp%2Fv2%2Fmedia&parent=243"}],"curies":[{"name":"wp","href":"https:\/\/api.w.org\/{rel}","templated":true}]}}