{"id":173,"date":"2014-03-10T18:20:08","date_gmt":"2014-03-10T17:20:08","guid":{"rendered":"http:\/\/www.aspacam.org\/?page_id=173"},"modified":"2015-03-15T21:35:37","modified_gmt":"2015-03-15T20:35:37","slug":"guitare","status":"publish","type":"page","link":"http:\/\/www.aspacam.org\/?page_id=173","title":{"rendered":"Guitare"},"content":{"rendered":"<p><img decoding=\"async\" loading=\"lazy\" src=\"http:\/\/www.aspacam.org\/wp-content\/uploads\/2014\/03\/cours-de-guitare-en-ligne-sur-internet.jpg\" alt=\"\" width=\"590\" height=\"281\" \/><\/p>\n<p>Responsable de l&rsquo;activit\u00e9 : <a href=\"mailto:didier.delena@aviation-civile.gouv.fr\" target=\"_blank\">Didier Delena<\/a><\/p>\n<p>L&rsquo;activit\u00e9 n&rsquo;a malheureusement plus lieu faute de participants. N&rsquo;h\u00e9sitez pas \u00e0 vous manifester pour la relancer.<\/p>\n<p>La participation \u00e0 cette activit\u00e9 engendrait une cotisation sp\u00e9ciale de 45\u20ac par semestre.<\/p>\n","protected":false},"excerpt":{"rendered":"<p>Responsable de l&rsquo;activit\u00e9 : Didier Delena L&rsquo;activit\u00e9 n&rsquo;a malheureusement plus lieu faute de participants. N&rsquo;h\u00e9sitez pas \u00e0 vous manifester pour la relancer. La participation \u00e0 cette activit\u00e9 engendrait une cotisation sp\u00e9ciale de 45\u20ac par semestre.<\/p>\n","protected":false},"author":1,"featured_media":0,"parent":2,"menu_order":0,"comment_status":"closed","ping_status":"closed","template":"","meta":{"_mi_skip_tracking":false},"_links":{"self":[{"href":"http:\/\/www.aspacam.org\/index.php?rest_route=\/wp\/v2\/pages\/173"}],"collection":[{"href":"http:\/\/www.aspacam.org\/index.php?rest_route=\/wp\/v2\/pages"}],"about":[{"href":"http:\/\/www.aspacam.org\/index.php?rest_route=\/wp\/v2\/types\/page"}],"author":[{"embeddable":true,"href":"http:\/\/www.aspacam.org\/index.php?rest_route=\/wp\/v2\/users\/1"}],"replies":[{"embeddable":true,"href":"http:\/\/www.aspacam.org\/index.php?rest_route=%2Fwp%2Fv2%2Fcomments&post=173"}],"version-history":[{"count":7,"href":"http:\/\/www.aspacam.org\/index.php?rest_route=\/wp\/v2\/pages\/173\/revisions"}],"predecessor-version":[{"id":434,"href":"http:\/\/www.aspacam.org\/index.php?rest_route=\/wp\/v2\/pages\/173\/revisions\/434"}],"up":[{"embeddable":true,"href":"http:\/\/www.aspacam.org\/index.php?rest_route=\/wp\/v2\/pages\/2"}],"wp:attachment":[{"href":"http:\/\/www.aspacam.org\/index.php?rest_route=%2Fwp%2Fv2%2Fmedia&parent=173"}],"curies":[{"name":"wp","href":"https:\/\/api.w.org\/{rel}","templated":true}]}}