{"id":169,"date":"2014-03-10T18:08:51","date_gmt":"2014-03-10T17:08:51","guid":{"rendered":"http:\/\/www.aspacam.org\/?page_id=169"},"modified":"2015-03-13T16:14:02","modified_gmt":"2015-03-13T15:14:02","slug":"foot","status":"publish","type":"page","link":"http:\/\/www.aspacam.org\/?page_id=169","title":{"rendered":"Foot"},"content":{"rendered":"<p>&nbsp;<\/p>\n<p>&nbsp;<\/p>\n<p><a href=\"http:\/\/www.aspacam.org\/wp-content\/uploads\/2014\/03\/Equipe-Foot-ASPACAM-copie-2.jpg\"><img decoding=\"async\" loading=\"lazy\" class=\"aligncenter size-full wp-image-383\" src=\"http:\/\/www.aspacam.org\/wp-content\/uploads\/2014\/03\/Equipe-Foot-ASPACAM-copie-2.jpg\" alt=\"Equipe Foot ASPACAM - copie 2\" width=\"640\" height=\"459\" srcset=\"http:\/\/www.aspacam.org\/wp-content\/uploads\/2014\/03\/Equipe-Foot-ASPACAM-copie-2.jpg 640w, http:\/\/www.aspacam.org\/wp-content\/uploads\/2014\/03\/Equipe-Foot-ASPACAM-copie-2-300x215.jpg 300w\" sizes=\"(max-width: 640px) 100vw, 640px\" \/><\/a>Responsable de l&rsquo;activit\u00e9 : <a href=\"mailto:taupcontrol_r@hotmail.com\" target=\"_blank\">Fabien Fanton<\/a><\/p>\n<p>Entrainements collectifs, organisation de match amicaux.<\/p>\n<p>Un \u00ab\u00a0soccer Five\u00a0\u00bb, un match amical, un entrainement&#8230; N&rsquo;h\u00e9sitez pas \u00e0 nous rejoindre sur <a href=\"https:\/\/www.facebook.com\/groups\/1560177720880121\/\" target=\"_blank\">notre page Facebook<\/a>\u00a0ou \u00e0 me contacter pour participer aux \u00e9v\u00e8nements.<\/p>\n","protected":false},"excerpt":{"rendered":"<p>&nbsp; &nbsp; Responsable de l&rsquo;activit\u00e9 : Fabien Fanton Entrainements collectifs, organisation de match amicaux. Un \u00ab\u00a0soccer Five\u00a0\u00bb, un match amical, un entrainement&#8230; N&rsquo;h\u00e9sitez pas \u00e0 nous rejoindre sur notre page Facebook\u00a0ou \u00e0 me contacter pour participer aux \u00e9v\u00e8nements.<\/p>\n","protected":false},"author":1,"featured_media":0,"parent":2,"menu_order":1,"comment_status":"closed","ping_status":"closed","template":"","meta":{"_mi_skip_tracking":false},"_links":{"self":[{"href":"http:\/\/www.aspacam.org\/index.php?rest_route=\/wp\/v2\/pages\/169"}],"collection":[{"href":"http:\/\/www.aspacam.org\/index.php?rest_route=\/wp\/v2\/pages"}],"about":[{"href":"http:\/\/www.aspacam.org\/index.php?rest_route=\/wp\/v2\/types\/page"}],"author":[{"embeddable":true,"href":"http:\/\/www.aspacam.org\/index.php?rest_route=\/wp\/v2\/users\/1"}],"replies":[{"embeddable":true,"href":"http:\/\/www.aspacam.org\/index.php?rest_route=%2Fwp%2Fv2%2Fcomments&post=169"}],"version-history":[{"count":11,"href":"http:\/\/www.aspacam.org\/index.php?rest_route=\/wp\/v2\/pages\/169\/revisions"}],"predecessor-version":[{"id":384,"href":"http:\/\/www.aspacam.org\/index.php?rest_route=\/wp\/v2\/pages\/169\/revisions\/384"}],"up":[{"embeddable":true,"href":"http:\/\/www.aspacam.org\/index.php?rest_route=\/wp\/v2\/pages\/2"}],"wp:attachment":[{"href":"http:\/\/www.aspacam.org\/index.php?rest_route=%2Fwp%2Fv2%2Fmedia&parent=169"}],"curies":[{"name":"wp","href":"https:\/\/api.w.org\/{rel}","templated":true}]}}