{"id":16,"date":"2013-02-26T20:08:23","date_gmt":"2013-02-26T19:08:23","guid":{"rendered":"http:\/\/www.aspacam.org\/?page_id=16"},"modified":"2021-02-09T15:45:39","modified_gmt":"2021-02-09T14:45:39","slug":"cotisations","status":"publish","type":"page","link":"http:\/\/www.aspacam.org\/?page_id=16","title":{"rendered":"Cotisations"},"content":{"rendered":"<p>Le montant des cotisations pour l&rsquo;ann\u00e9e 2015 est fix\u00e9e \u00e0 :<\/p>\n<p>Pour les agents DGAC et M\u00e9t\u00e9o France : 23\u20ac<\/p>\n<p>Pour les ext\u00e9rieurs : 43\u20ac<\/p>\n<p>Pour les \u00e9l\u00e8ves ENAC : 22\u20ac<\/p>\n<p>La participation \u00e0 la section Golf et \u00e0 la section Tennis engendrent un suppl\u00e9ment de 20\u20ac.<\/p>\n<p>L\u2019acc\u00e8s\u00a0 \u00e0 la salle de sport est fix\u00e9e \u00e0 25\u20ac par semestre.<\/p>\n<p>Ces cotisations s&rsquo;entendent du 1er janvier au 31 d\u00e9cembre. Elles ne sont pas remboursables.<\/p>\n<p>Les ayant droit sont les conjoints, ainsi que les enfants \u00e2g\u00e9s de moins de 27 ans.<\/p>\n<p style=\"text-align: center;\"><\/p>\n<p><a href=\"http:\/\/www.aspacam.org\/wp-content\/uploads\/2014\/03\/Tarifs-ASPACAM-2017.png\"><img decoding=\"async\" loading=\"lazy\" class=\"alignleft wp-image-1280 size-full\" src=\"http:\/\/www.aspacam.org\/wp-content\/uploads\/2014\/03\/Tarifs-ASPACAM-2017.png\" width=\"2480\" height=\"1753\" srcset=\"http:\/\/www.aspacam.org\/wp-content\/uploads\/2014\/03\/Tarifs-ASPACAM-2017.png 2480w, http:\/\/www.aspacam.org\/wp-content\/uploads\/2014\/03\/Tarifs-ASPACAM-2017-300x212.png 300w, http:\/\/www.aspacam.org\/wp-content\/uploads\/2014\/03\/Tarifs-ASPACAM-2017-768x543.png 768w, http:\/\/www.aspacam.org\/wp-content\/uploads\/2014\/03\/Tarifs-ASPACAM-2017-1024x724.png 1024w, http:\/\/www.aspacam.org\/wp-content\/uploads\/2014\/03\/Tarifs-ASPACAM-2017-600x424.png 600w\" sizes=\"(max-width: 2480px) 100vw, 2480px\" \/><\/a><\/p>\n","protected":false},"excerpt":{"rendered":"<p>Le montant des cotisations pour l&rsquo;ann\u00e9e 2015 est fix\u00e9e \u00e0 : Pour les agents DGAC et M\u00e9t\u00e9o France : 23\u20ac Pour les ext\u00e9rieurs : 43\u20ac Pour les \u00e9l\u00e8ves ENAC : 22\u20ac La participation \u00e0 la section Golf et \u00e0 la section Tennis engendrent un suppl\u00e9ment de 20\u20ac. L\u2019acc\u00e8s\u00a0 \u00e0 la salle de sport est fix\u00e9e &hellip; <a href=\"http:\/\/www.aspacam.org\/?page_id=16\" class=\"more-link\">Continuer la lecture de <span class=\"screen-reader-text\">Cotisations<\/span> <span class=\"meta-nav\">&rarr;<\/span><\/a><\/p>\n","protected":false},"author":1,"featured_media":0,"parent":67,"menu_order":0,"comment_status":"closed","ping_status":"open","template":"","meta":{"_mi_skip_tracking":false},"_links":{"self":[{"href":"http:\/\/www.aspacam.org\/index.php?rest_route=\/wp\/v2\/pages\/16"}],"collection":[{"href":"http:\/\/www.aspacam.org\/index.php?rest_route=\/wp\/v2\/pages"}],"about":[{"href":"http:\/\/www.aspacam.org\/index.php?rest_route=\/wp\/v2\/types\/page"}],"author":[{"embeddable":true,"href":"http:\/\/www.aspacam.org\/index.php?rest_route=\/wp\/v2\/users\/1"}],"replies":[{"embeddable":true,"href":"http:\/\/www.aspacam.org\/index.php?rest_route=%2Fwp%2Fv2%2Fcomments&post=16"}],"version-history":[{"count":12,"href":"http:\/\/www.aspacam.org\/index.php?rest_route=\/wp\/v2\/pages\/16\/revisions"}],"predecessor-version":[{"id":10897,"href":"http:\/\/www.aspacam.org\/index.php?rest_route=\/wp\/v2\/pages\/16\/revisions\/10897"}],"up":[{"embeddable":true,"href":"http:\/\/www.aspacam.org\/index.php?rest_route=\/wp\/v2\/pages\/67"}],"wp:attachment":[{"href":"http:\/\/www.aspacam.org\/index.php?rest_route=%2Fwp%2Fv2%2Fmedia&parent=16"}],"curies":[{"name":"wp","href":"https:\/\/api.w.org\/{rel}","templated":true}]}}